{"id":8,"date":"2015-09-21T12:13:33","date_gmt":"2015-09-21T09:13:33","guid":{"rendered":"http:\/\/www.vordp.dev\/?page_id=8"},"modified":"2026-02-06T15:24:31","modified_gmt":"2026-02-06T13:24:31","slug":"\u0444\u0438\u043b\u043e\u043b\u043e\u0433-\u0431\u044e\u0440\u043e-\u043f\u0435\u0440\u0435\u0432\u043e\u0434\u043e\u0432-\u043a\u043e\u043d\u0442\u0430\u043a\u0442\u044b","status":"publish","type":"page","link":"https:\/\/www.filoloog.ee\/ru\/\u0444\u0438\u043b\u043e\u043b\u043e\u0433-\u0431\u044e\u0440\u043e-\u043f\u0435\u0440\u0435\u0432\u043e\u0434\u043e\u0432-\u043a\u043e\u043d\u0442\u0430\u043a\u0442\u044b\/","title":{"rendered":"\u041a\u043e\u043d\u0442\u0430\u043a\u0442"},"content":{"rendered":"<p>&lt;p&gt;<div id='av_section_1'  class='avia-section av-e35g-074dec187c85a2932421036f06270196 main_color avia-section-default avia-no-shadow  avia-builder-el-0  avia-builder-el-no-sibling  avia-bg-style-scroll container_wrap sidebar_right'  ><div class='container av-section-cont-open' ><main  role=\"main\" itemprop=\"mainContentOfPage\"  class='template-page content  av-content-small alpha units'><div class='post-entry post-entry-type-page post-entry-8'><div class='entry-content-wrapper clearfix'>\n<style type=\"text\/css\" data-created_by=\"avia_inline_auto\" id=\"style-css-av-btzi-87a6bb5e86bd1a51faba2640677cbb2d\">\n.flex_column.av-btzi-87a6bb5e86bd1a51faba2640677cbb2d{\nborder-radius:0px 0px 0px 0px;\n-webkit-border-radius:0px 0px 0px 0px;\n-moz-border-radius:0px 0px 0px 0px;\n}\n<\/style>\n<div class='flex_column av-btzi-87a6bb5e86bd1a51faba2640677cbb2d av_one_fourth  avia-builder-el-1  el_before_av_one_fourth  avia-builder-el-first  first flex_column_div av-zero-column-padding '   ><section  class='av_textblock_section av-joy2ux21-46f3a717cbd9f88cb2b7b3891758cfaa'  itemscope=\"itemscope\" itemtype=\"https:\/\/schema.org\/CreativeWork\" ><div class='avia_textblock'  itemprop=\"text\" ><p>&lt;br \/&gt;&lt;strong&gt;V\u00f5ta meiega \u00fchendust!&lt;\/strong&gt;&lt;strong&gt;Raina Pekler&lt;\/strong&gt;T\u00f5lkeprojektide juhtTelefon: +372 740 5112Mobiil: +372 5556 5882E-mail: filoloog@filoloog.eeOleme avatud:E\u2013R 8.30\u201317.00&lt;br \/&gt;<\/p>\n<\/div><\/section><\/div>\n<style type=\"text\/css\" data-created_by=\"avia_inline_auto\" id=\"style-css-av-9rj8-b480eeece9fe2367f0815892e90dfe1b\">\n.flex_column.av-9rj8-b480eeece9fe2367f0815892e90dfe1b{\nborder-radius:0px 0px 0px 0px;\n-webkit-border-radius:0px 0px 0px 0px;\n-moz-border-radius:0px 0px 0px 0px;\n}\n<\/style>\n<div class='flex_column av-9rj8-b480eeece9fe2367f0815892e90dfe1b av_one_fourth  avia-builder-el-3  el_after_av_one_fourth  el_before_av_one_half  flex_column_div av-zero-column-padding '   ><section  class='av_textblock_section av-7cae-6976a9621943388ed26767d033755c01'  itemscope=\"itemscope\" itemtype=\"https:\/\/schema.org\/CreativeWork\" ><div class='avia_textblock'  itemprop=\"text\" ><p>Filoloog O\u00dcJuriidiline aadress: P\u00e4ssa k\u00fcla, Lasva vald 65401 V\u00f5ru mkTegevusaadress: Lai 34, Tartu linn, 51005Registrikood: 11703874KMKR EE 101316884SWEDBANK SWIFT HABAEE2XIBAN EE262200221046872990&lt;br \/&gt;<\/p>\n<\/div><\/section><\/div>\n<style type=\"text\/css\" data-created_by=\"avia_inline_auto\" id=\"style-css-av-4vy4-6f9fd6fbcfaeb38ac812c143fda83266\">\n.flex_column.av-4vy4-6f9fd6fbcfaeb38ac812c143fda83266{\nborder-radius:0px 0px 0px 0px;\n-webkit-border-radius:0px 0px 0px 0px;\n-moz-border-radius:0px 0px 0px 0px;\n}\n<\/style>\n<div class='flex_column av-4vy4-6f9fd6fbcfaeb38ac812c143fda83266 av_one_half  avia-builder-el-5  el_after_av_one_fourth  el_before_av_google_map  avia-builder-el-last  flex_column_div av-zero-column-padding '   ><section  class='av_textblock_section av-3dbq-67fcc1144f6d1843b48060558db63136'  itemscope=\"itemscope\" itemtype=\"https:\/\/schema.org\/CreativeWork\" ><div class='avia_textblock'  itemprop=\"text\" ><p>V\u00f5ta meiega \u00fchendust<div class='fluentform ff-default fluentform_wrapper_1 ffs_default_wrap'><form data-form_id=\"1\" id=\"fluentform_1\" class=\"frm-fluent-form fluent_form_1 ff-el-form-top ff_form_instance_1_1 ff-form-loading ffs_default\" data-form_instance=\"ff_form_instance_1_1\" method=\"POST\" ><fieldset  style=\"border: none!important;margin: 0!important;padding: 0!important;background-color: transparent!important;box-shadow: none!important;outline: none!important; min-inline-size: 100%;\">\n                    <legend class=\"ff_screen_reader_title\" style=\"display: block; margin: 0!important;padding: 0!important;height: 0!important;text-indent: -999999px;width: 0!important;overflow:hidden;\">Kontakt EST<\/legend>        <div\n                style=\"display: none!important; position: absolute!important; transform: translateX(1000%)!important;\"\n                class=\"ff-el-group ff-hpsf-container\"\n        >\n            <div class=\"ff-el-input--label asterisk-right\">\n                <label for=\"ff_1_item_sf\" aria-label=\"Subscribe\">\n                    Subscribe                <\/label>\n            <\/div>\n            <div class=\"ff-el-input--content\">\n                <input type=\"text\"\n                       name=\"item_1__fluent_sf\"\n                       class=\"ff-el-form-control\"\n                       id=\"ff_1_item_sf\"\n                \/>\n            <\/div>\n        <\/div>\n        <input type='hidden' name='__fluent_form_embded_post_id' value='8' \/><input type=\"hidden\" id=\"_fluentform_1_fluentformnonce\" name=\"_fluentform_1_fluentformnonce\" value=\"c2cc310bec\" \/><input type=\"hidden\" name=\"_wp_http_referer\" value=\"\/ru\/wp-json\/wp\/v2\/pages\/8\" \/><div data-name=\"ff_cn_id_1\"  class='ff-t-container ff-column-container ff_columns_total_3 '><div class='ff-t-cell ff-t-column-1' style='flex-basis: 33.33%;'><div class='ff-el-group ff-el-form-hide_label'><div class=\"ff-el-input--label ff-el-is-required asterisk-right\"><label for='ff_1_input_text' id='label_ff_1_input_text' aria-label=\"Nimi\">Nimi<\/label><\/div><div class='ff-el-input--content'><input type=\"text\" name=\"input_text\" class=\"ff-el-form-control\" placeholder=\"Nimi *\" data-name=\"input_text\" id=\"ff_1_input_text\"  aria-invalid=\"false\" aria-required=true><\/div><\/div><\/div><div class='ff-t-cell ff-t-column-2' style='flex-basis: 33.33%;'><div class='ff-el-group ff-el-form-hide_label'><div class=\"ff-el-input--label ff-el-is-required asterisk-right\"><label for='ff_1_email' id='label_ff_1_email' aria-label=\"Email\">Email<\/label><\/div><div class='ff-el-input--content'><input type=\"email\" name=\"email\" id=\"ff_1_email\" class=\"ff-el-form-control\" placeholder=\"E-mail *\" data-name=\"email\"  aria-invalid=\"false\" aria-required=true><\/div><\/div><\/div><div class='ff-t-cell ff-t-column-3' style='flex-basis: 33.33%;'><div class='ff-el-group ff-el-form-hide_label'><div class=\"ff-el-input--label asterisk-right\"><label for='ff_1_input_text_1' id='label_ff_1_input_text_1' aria-label=\"Telefon\">Telefon<\/label><\/div><div class='ff-el-input--content'><input type=\"text\" name=\"input_text_1\" class=\"ff-el-form-control\" placeholder=\"Telefon \" data-name=\"input_text_1\" id=\"ff_1_input_text_1\"  aria-invalid=\"false\" aria-required=false><\/div><\/div><\/div><\/div><div class='ff-el-group ff-el-form-hide_label'><div class=\"ff-el-input--label asterisk-right\"><label for='ff_1_description' id='label_ff_1_description' aria-label=\"S\u00f5num\">S\u00f5num<\/label><\/div><div class='ff-el-input--content'><textarea aria-required=\"false\" aria-labelledby=\"label_ff_1_description\" name=\"description\" id=\"ff_1_description\" class=\"ff-el-form-control\" placeholder=\"S\u00f5num\" rows=\"4\" cols=\"2\" data-name=\"description\" ><\/textarea><\/div><\/div><div class='ff-el-group ff-el-form-hide_label  ff-dropzone'><div class=\"ff-el-input--label asterisk-right\"><label for='ff_1_file-upload_1' id='label_ff_1_file-upload_1' aria-label=\"Failid\">Failid<\/label><\/div><div class='ff-el-input--content'><label for='ff_1_file-upload_1' class='ff_file_upload_holder'><span class='ff_upload_btn ff-btn' tabindex='0'>Lisa faile<\/span> <input type=\"file\" name=\"file-upload\" id=\"ff_1_file-upload_1\" class=\"ff-el-form-control  ff-screen-reader-element\" data-name=\"file-upload\" multiple=\"1\"  aria-invalid='false' aria-required=false><\/label><\/div><\/div><div class='ff-el-group ff-text-left ff_submit_btn_wrapper'><button type=\"submit\" class=\"ff-btn ff-btn-submit ff-btn-md ff_btn_style wpf_has_custom_css\"  aria-label=\"Saadan s\u00f5numi\">Saadan s\u00f5numi<\/button><\/div><\/fieldset><\/form><div id='fluentform_1_errors' class='ff-errors-in-stack ff_form_instance_1_1 ff-form-loading_errors ff_form_instance_1_1_errors'><\/div><\/div>            <script type=\"text\/javascript\">\n                window.fluent_form_ff_form_instance_1_1 = {\"id\":\"1\",\"ajaxUrl\":\"https:\\\/\\\/www.filoloog.ee\\\/wp-admin\\\/admin-ajax.php\",\"settings\":{\"layout\":{\"labelPlacement\":\"top\",\"helpMessagePlacement\":\"with_label\",\"errorMessagePlacement\":\"inline\",\"asteriskPlacement\":\"asterisk-right\"},\"restrictions\":{\"denyEmptySubmission\":{\"enabled\":false}}},\"form_instance\":\"ff_form_instance_1_1\",\"form_id_selector\":\"fluentform_1\",\"rules\":{\"input_text\":{\"required\":{\"value\":true,\"message\":\"See v\\u00e4li on kohustuslik\",\"global\":false,\"global_message\":\"This field is required\"}},\"email\":{\"required\":{\"value\":true,\"message\":\"See v\\u00e4li on kohustuslik\",\"global\":false,\"global_message\":\"This field is required\"},\"email\":{\"value\":true,\"message\":\"This field must contain a valid email\",\"global\":false,\"global_message\":\"This field must contain a valid email\"}},\"input_text_1\":{\"required\":{\"value\":false,\"message\":\"This field is required\",\"global\":false,\"global_message\":\"This field is required\"}},\"description\":{\"required\":{\"value\":false,\"message\":\"This field is required\",\"global\":false,\"global_message\":\"This field is required\"}},\"file-upload\":{\"required\":{\"value\":false,\"message\":\"\\u042d\\u0442\\u043e \\u043f\\u043e\\u043b\\u0435 \\u043e\\u0431\\u044f\\u0437\\u0430\\u0442\\u0435\\u043b\\u044c\\u043d\\u043e\",\"global_message\":\"This field is required\",\"global\":true},\"max_file_size\":{\"value\":20971520,\"_valueFrom\":\"MB\",\"message\":\"\\u041f\\u0440\\u043e\\u0432\\u0435\\u0440\\u043a\\u0430 \\u043d\\u0435 \\u043f\\u0440\\u043e\\u0439\\u0434\\u0435\\u043d\\u0430 \\u0434\\u043b\\u044f \\u043c\\u0430\\u043a\\u0441\\u0438\\u043c\\u0430\\u043b\\u044c\\u043d\\u043e\\u0433\\u043e \\u0440\\u0430\\u0437\\u043c\\u0435\\u0440\\u0430 \\u0444\\u0430\\u0439\\u043b\\u0430\",\"global_message\":\"Validation fails for maximum file size\",\"global\":true},\"max_file_count\":{\"value\":\"5\",\"message\":\"\\u041f\\u0440\\u043e\\u0432\\u0435\\u0440\\u043a\\u0430 \\u043d\\u0435 \\u043f\\u0440\\u043e\\u0439\\u0434\\u0435\\u043d\\u0430 \\u0434\\u043b\\u044f \\u043c\\u0430\\u043a\\u0441\\u0438\\u043c\\u0430\\u043b\\u044c\\u043d\\u043e\\u0433\\u043e \\u043a\\u043e\\u043b\\u0438\\u0447\\u0435\\u0441\\u0442\\u0432\\u0430 \\u0444\\u0430\\u0439\\u043b\\u043e\\u0432\",\"global_message\":\"Validation fails for maximum file count\",\"global\":true},\"allowed_file_types\":{\"value\":[\"jpg|jpeg|gif|png|bmp\",\"pdf\",\"doc|ppt|pps|xls|mdb|docx|xlsx|pptx|odt|odp|ods|odg|odc|odb|odf|rtf|txt\",\"zip|gz|gzip|rar|7z\"],\"message\":\"\\u041d\\u0435\\u0434\\u043e\\u043f\\u0443\\u0441\\u0442\\u0438\\u043c\\u044b\\u0439 \\u0442\\u0438\\u043f \\u0444\\u0430\\u0439\\u043b\\u0430\",\"global_message\":\"Invalid file type\",\"global\":true}}},\"debounce_time\":300};\n                            <\/script>\n            &lt;br \/&gt;<\/p>\n<\/div><\/section><\/div><\/div><\/div><\/main><!-- close content main element --><\/div><\/div><div id='after_section_1'  class='main_color av_default_container_wrap container_wrap sidebar_right'  ><div class='container av-section-cont-open' ><div class='template-page content  av-content-small alpha units'><div class='post-entry post-entry-type-page post-entry-8'><div class='entry-content-wrapper clearfix'>&lt;\/p&gt;<\/p>\n","protected":false},"excerpt":{"rendered":"<p>&lt;p&gt;&lt;\/p&gt;<\/p>","protected":false},"author":2,"featured_media":0,"parent":0,"menu_order":0,"comment_status":"closed","ping_status":"closed","template":"","meta":{"_uag_custom_page_level_css":"","footnotes":""},"class_list":["post-8","page","type-page","status-publish","hentry"],"uagb_featured_image_src":{"full":false,"thumbnail":false,"medium":false,"medium_large":false,"large":false,"1536x1536":false,"2048x2048":false,"trp-custom-language-flag":false,"widget":false,"square":false,"featured":false,"featured_large":false,"extra_large":false,"portfolio":false,"portfolio_small":false,"gallery":false,"magazine":false,"masonry":false,"entry_with_sidebar":false,"entry_without_sidebar":false},"uagb_author_info":{"display_name":"Filoloog","author_link":"https:\/\/www.filoloog.ee\/ru\/author\/filoloog\/"},"uagb_comment_info":0,"uagb_excerpt":"&lt;p&gt;&lt;\/p&gt;","_links":{"self":[{"href":"https:\/\/www.filoloog.ee\/ru\/wp-json\/wp\/v2\/pages\/8","targetHints":{"allow":["GET"]}}],"collection":[{"href":"https:\/\/www.filoloog.ee\/ru\/wp-json\/wp\/v2\/pages"}],"about":[{"href":"https:\/\/www.filoloog.ee\/ru\/wp-json\/wp\/v2\/types\/page"}],"author":[{"embeddable":true,"href":"https:\/\/www.filoloog.ee\/ru\/wp-json\/wp\/v2\/users\/2"}],"replies":[{"embeddable":true,"href":"https:\/\/www.filoloog.ee\/ru\/wp-json\/wp\/v2\/comments?post=8"}],"version-history":[{"count":38,"href":"https:\/\/www.filoloog.ee\/ru\/wp-json\/wp\/v2\/pages\/8\/revisions"}],"predecessor-version":[{"id":1797,"href":"https:\/\/www.filoloog.ee\/ru\/wp-json\/wp\/v2\/pages\/8\/revisions\/1797"}],"wp:attachment":[{"href":"https:\/\/www.filoloog.ee\/ru\/wp-json\/wp\/v2\/media?parent=8"}],"curies":[{"name":"WP","href":"https:\/\/api.w.org\/{rel}","templated":true}]}}